{"id":10791,"date":"2024-02-20T03:40:51","date_gmt":"2024-02-20T03:40:51","guid":{"rendered":"https:\/\/www.efi.asia\/demo\/?page_id=10791"},"modified":"2024-02-20T04:45:43","modified_gmt":"2024-02-20T04:45:43","slug":"%e1%9e%91%e1%9e%9f%e1%9f%92%e1%9e%9f%e1%9e%93%e1%9e%b6%e1%9e%9f%e1%9e%b6%e1%9e%9b%e1%9e%b6-visit-efi","status":"publish","type":"page","link":"https:\/\/www.efi.asia\/kh\/%e1%9e%91%e1%9e%9f%e1%9f%92%e1%9e%9f%e1%9e%93%e1%9e%b6%e1%9e%9f%e1%9e%b6%e1%9e%9b%e1%9e%b6-visit-efi\/","title":{"rendered":"Visit EFI &#8211; \u1791\u179f\u17d2\u179f\u1793\u17b6\u179f\u17b6\u179b\u17b6"},"content":{"rendered":"<p><div class=\"fusion-fullwidth fullwidth-box fusion-builder-row-1 fusion-parallax-none nonhundred-percent-fullwidth hundred-percent-height hundred-percent-height-center-content non-hundred-percent-height-scrolling\" style=\"--awb-background-position:center bottom;--awb-border-radius-top-left:0px;--awb-border-radius-top-right:0px;--awb-border-radius-bottom-right:0px;--awb-border-radius-bottom-left:0px;--awb-padding-top:200px;--awb-padding-bottom:200px;--awb-background-image:url(&quot;https:\/\/www.efi.asia\/wp-content\/uploads\/2023\/10\/EFI-container-background.png&quot;);--awb-background-size:cover;--awb-flex-wrap:wrap;\" ><div class=\"fusion-fullwidth-center-content\"><div class=\"fusion-builder-row fusion-row\"><div class=\"fusion-layout-column fusion_builder_column fusion-builder-column-0 fusion_builder_column_1_1 1_1 fusion-one-full fusion-column-first fusion-column-last\" style=\"--awb-bg-size:cover;\"><div class=\"fusion-column-wrapper fusion-column-has-shadow fusion-flex-column-wrapper-legacy\"><div class=\"fusion-title title fusion-title-1 fusion-sep-none fusion-title-center fusion-title-text fusion-title-size-one fusion-animated\" style=\"--awb-text-color:#ffffff;--awb-font-size:500%;\" data-animationType=\"fadeInUp\" data-animationDuration=\"0.5\" data-animationOffset=\"top-into-view\"><h1 class=\"fusion-title-heading title-heading-center\" style=\"font-family:&quot;Noto Sans Khmer&quot;;font-style:normal;font-weight:700;margin:0;font-size:1em;\">\u1791\u179f\u17d2\u179f\u1793\u17b6\u179f\u17b6\u179b\u17b6\u1799\u17be\u1784\u1781\u17d2\u1789\u17bb\u17c6<\/h1><\/div><div class=\"fusion-clearfix\"><\/div><\/div><\/div><\/div><\/div><\/div><div class=\"fusion-fullwidth fullwidth-box fusion-builder-row-2 fusion-flex-container has-pattern-background has-mask-background nonhundred-percent-fullwidth non-hundred-percent-height-scrolling\" style=\"--awb-border-radius-top-left:0px;--awb-border-radius-top-right:0px;--awb-border-radius-bottom-right:0px;--awb-border-radius-bottom-left:0px;--awb-flex-wrap:wrap;\" ><div class=\"fusion-builder-row fusion-row fusion-flex-align-items-flex-start fusion-flex-content-wrap\" style=\"max-width:1248px;margin-left: calc(-4% \/ 2 );margin-right: calc(-4% \/ 2 );\"><div class=\"fusion-layout-column fusion_builder_column fusion-builder-column-1 fusion_builder_column_1_1 1_1 fusion-flex-column\" style=\"--awb-bg-size:cover;--awb-width-large:100%;--awb-margin-top-large:0px;--awb-spacing-right-large:1.92%;--awb-margin-bottom-large:20px;--awb-spacing-left-large:1.92%;--awb-width-medium:100%;--awb-order-medium:0;--awb-spacing-right-medium:1.92%;--awb-spacing-left-medium:1.92%;--awb-width-small:100%;--awb-order-small:0;--awb-spacing-right-small:1.92%;--awb-spacing-left-small:1.92%;\"><div class=\"fusion-column-wrapper fusion-column-has-shadow fusion-flex-justify-content-flex-start fusion-content-layout-column\"><div class=\"fusion-text fusion-text-1 fusion-animated fusion-text-no-margin\" style=\"--awb-font-size:17px;--awb-margin-top:50px;--awb-margin-bottom:50px;--awb-text-font-family:&quot;Noto Sans Khmer&quot;;--awb-text-font-style:normal;--awb-text-font-weight:400;\" data-animationType=\"fadeIn\" data-animationDuration=\"0.5\" data-animationDelay=\"0.3\" data-animationOffset=\"top-mid-of-view\"><p>\u179f\u17b6\u179b\u17b6\u1799\u17be\u1784\u1781\u17d2\u1789\u17bb\u17c6\u179f\u17bc\u1798\u179f\u17d2\u179c\u17b6\u1782\u1798\u1793\u17cd\u178a\u17c4\u1799\u1780\u17d2\u178a\u17b8\u179f\u17c4\u1798\u1793\u179f\u17d2\u179f\u179a\u17b8\u1780\u179a\u17b6\u1799\u1787\u17b6\u1791\u17b8\u1794\u17c6\u1795\u17bb\u178f\u1785\u17c6\u1796\u17c4\u17c7\u179c\u178f\u17d2\u178f\u1798\u17b6\u1793\u1794\u17bb\u178f\u17d2\u179a\u1792\u17b8\u178f\u17b6\u179a\u1794\u179f\u17cb\u179b\u17c4\u1780\u17a2\u17d2\u1793\u1780\u17a0\u17be\u1799\u1799\u17be\u1784\u1781\u17d2\u1789\u17bb\u17c6\u1780\u17cf\u1798\u17b6\u1793\u1780\u17d2\u178a\u17b8\u179a\u17b8\u1780\u179a\u17b6\u1799\u17a5\u178f\u17a7\u1794\u1798\u17b6\u1780\u17d2\u1793\u17bb\u1784\u1780\u17b6\u179a\u179a\u17c0\u1794\u1785\u17c6\u1792\u17d2\u179c\u17be\u1791\u179f\u17d2\u179f\u1793\u1780\u17b7\u1785\u17d2\u1785\u179f\u17b6\u179b\u17b6\u178a\u17c2\u179b\u1798\u17b6\u1793\u1791\u17b8\u178f\u17b6\u17c6\u1784\u1793\u17c5\u1780\u17c4\u17c7\u1796\u17c1\u1787\u17d2\u179a\u1785\u17c6\u1780\u178e\u17d2\u178a\u17b6\u179b\u1794\u17c1\u17c7\u178a\u17bc\u1784\u1791\u17b8\u1780\u17d2\u179a\u17bb\u1784\u1797\u17d2\u1793\u17c6\u1796\u17c1\u1789\u1787\u17bc\u1793\u179b\u17c4\u1780\u17a2\u17d2\u1793\u1780\u1795\u1784\u178a\u17c2\u179a \u17d4 \u179f\u17bc\u1798\u1794\u17c6\u1796\u17c1\u1789\u1791\u17c6\u179a\u1784\u17cb\u1794\u17c2\u1794\u1794\u1791\u1785\u17bb\u17c7\u1788\u17d2\u1798\u17c4\u17c7\u1781\u17b6\u1784\u1780\u17d2\u179a\u17c4\u1798\u178a\u17be\u1798\u17d2\u1794\u17b8\u1799\u17be\u1784\u1781\u17d2\u1789\u17bb\u17c6\u179a\u17c0\u1794\u1785\u17c6\u1787\u17bc\u1793\u179b\u17c4\u1780\u17a2\u17d2\u1793\u1780 \u17d4<\/p>\n<\/div><\/div><\/div><\/div><\/div><div class=\"fusion-fullwidth fullwidth-box fusion-builder-row-3 fusion-flex-container has-pattern-background has-mask-background nonhundred-percent-fullwidth non-hundred-percent-height-scrolling fusion-animated\" style=\"--awb-border-color:#055694;--awb-border-radius-top-left:0px;--awb-border-radius-top-right:0px;--awb-border-radius-bottom-right:0px;--awb-border-radius-bottom-left:0px;--awb-margin-bottom:50px;--awb-flex-wrap:wrap;\" data-animationType=\"fadeIn\" data-animationDuration=\"0.5\" data-animationDelay=\"0.6\" data-animationOffset=\"top-into-view\" ><div class=\"fusion-builder-row fusion-row fusion-flex-align-items-flex-start fusion-flex-content-wrap\" style=\"max-width:1248px;margin-left: calc(-4% \/ 2 );margin-right: calc(-4% \/ 2 );\"><div class=\"fusion-layout-column fusion_builder_column fusion-builder-column-2 fusion_builder_column_1_1 1_1 fusion-flex-column\" style=\"--awb-bg-size:cover;--awb-border-color:#055694;--awb-border-top:2px;--awb-border-right:2px;--awb-border-bottom:2px;--awb-border-left:2px;--awb-border-style:solid;--awb-width-large:100%;--awb-margin-top-large:0px;--awb-spacing-right-large:1.92%;--awb-margin-bottom-large:20px;--awb-spacing-left-large:1.92%;--awb-width-medium:100%;--awb-order-medium:0;--awb-spacing-right-medium:1.92%;--awb-spacing-left-medium:1.92%;--awb-width-small:100%;--awb-order-small:0;--awb-spacing-right-small:1.92%;--awb-spacing-left-small:1.92%;\"><div class=\"fusion-column-wrapper fusion-column-has-shadow fusion-flex-justify-content-flex-start fusion-content-layout-column\"><div class=\"fusion-form fusion-form-builder fusion-form-form-wrapper fusion-form-10765\" style=\"--awb-tooltip-text-color:#ffffff;--awb-tooltip-background-color:#333333;\" data-form-id=\"10765\" data-config=\"{&quot;form_id&quot;:10765,&quot;form_post_id&quot;:10765,&quot;post_id&quot;:10791,&quot;form_type&quot;:&quot;ajax&quot;,&quot;confirmation_type&quot;:&quot;message&quot;,&quot;redirect_url&quot;:&quot;&quot;,&quot;field_labels&quot;:{&quot;\\u1788\\u17d2\\u1798\\u17c4\\u17c7&quot;:&quot;\\u1788\\u17d2\\u1798\\u17c4\\u17c7&quot;,&quot;nom_de_famille&quot;:&quot;\\u1793\\u17b6\\u1798\\u178f\\u17d2\\u179a\\u1780\\u17bc\\u179b&quot;,&quot;adresse_e-mail&quot;:&quot;\\u17a2\\u17bb\\u17b8\\u1798\\u17c9\\u17c2\\u179b&quot;,&quot;numero_de_telephone&quot;:&quot;\\u179b\\u17c1\\u1781\\u1791\\u17bc\\u179a\\u179f\\u17d0\\u1796\\u17d2\\u1791&quot;,&quot;jour_souhaite&quot;:&quot;\\u1790\\u17d2\\u1784\\u17c3\\u1791\\u179f\\u17d2\\u179f\\u1793\\u1780\\u17b7\\u1785\\u17d2\\u1785&quot;,&quot;heure_souhaitee&quot;:&quot;\\u1798\\u17c9\\u17c4\\u1784\\u1791\\u179f\\u17d2\\u179f\\u1793\\u1780\\u17b7\\u1785\\u17d2\\u1785&quot;,&quot;objet_de_la_visite&quot;:&quot;\\u179c\\u178f\\u17d2\\u1790\\u17bb\\u1794\\u17c6\\u178e\\u1784\\u1793\\u17c3\\u1791\\u179f\\u17d2\\u179f\\u1793\\u1780\\u17b7\\u1785\\u17d2\\u1785&quot;},&quot;field_logics&quot;:{&quot;\\u1788\\u17d2\\u1798\\u17c4\\u17c7&quot;:&quot;&quot;,&quot;nom_de_famille&quot;:&quot;&quot;,&quot;adresse_e-mail&quot;:&quot;&quot;,&quot;numero_de_telephone&quot;:&quot;&quot;,&quot;jour_souhaite&quot;:&quot;&quot;,&quot;heure_souhaitee&quot;:&quot;&quot;,&quot;objet_de_la_visite&quot;:&quot;&quot;,&quot;notice_1&quot;:&quot;&quot;},&quot;field_types&quot;:{&quot;\\u1788\\u17d2\\u1798\\u17c4\\u17c7&quot;:&quot;text&quot;,&quot;nom_de_famille&quot;:&quot;text&quot;,&quot;adresse_e-mail&quot;:&quot;text&quot;,&quot;numero_de_telephone&quot;:&quot;text&quot;,&quot;jour_souhaite&quot;:&quot;date&quot;,&quot;heure_souhaitee&quot;:&quot;time&quot;,&quot;objet_de_la_visite&quot;:&quot;textarea&quot;,&quot;submit_1&quot;:&quot;submit&quot;,&quot;notice_1&quot;:&quot;notice&quot;},&quot;nonce_method&quot;:&quot;ajax&quot;}\"><form action=\"https:\/\/www.efi.asia\/kh\/%e1%9e%91%e1%9e%9f%e1%9f%92%e1%9e%9f%e1%9e%93%e1%9e%b6%e1%9e%9f%e1%9e%b6%e1%9e%9b%e1%9e%b6-visit-efi\/\" method=\"post\" class=\"fusion-form fusion-form-10765\"><div class=\"fusion-fullwidth fullwidth-box fusion-builder-row-3-1 fusion-flex-container has-pattern-background has-mask-background nonhundred-percent-fullwidth non-hundred-percent-height-scrolling\" style=\"--awb-border-radius-top-left:0px;--awb-border-radius-top-right:0px;--awb-border-radius-bottom-right:0px;--awb-border-radius-bottom-left:0px;--awb-flex-wrap:wrap;\" ><div class=\"fusion-builder-row fusion-row fusion-flex-align-items-flex-start fusion-flex-content-wrap\" style=\"width:104% !important;max-width:104% !important;margin-left: calc(-4% \/ 2 );margin-right: calc(-4% \/ 2 );\"><div class=\"fusion-layout-column fusion_builder_column fusion-builder-column-3 fusion_builder_column_1_2 1_2 fusion-flex-column\" style=\"--awb-bg-size:cover;--awb-width-large:50%;--awb-margin-top-large:0px;--awb-spacing-right-large:3.84%;--awb-margin-bottom-large:20px;--awb-spacing-left-large:3.84%;--awb-width-medium:50%;--awb-order-medium:0;--awb-spacing-right-medium:3.84%;--awb-spacing-left-medium:3.84%;--awb-width-small:100%;--awb-order-small:0;--awb-spacing-right-small:1.92%;--awb-spacing-left-small:1.92%;\"><div class=\"fusion-column-wrapper fusion-column-has-shadow fusion-flex-justify-content-flex-start fusion-content-layout-column\"><div class=\"fusion-form-field fusion-form-text-field fusion-form-label-above\" style=\"\" data-form-id=\"10765\"><div class=\"fusion-form-label-wrapper\"><label for=\"\u1788\u17d2\u1798\u17c4\u17c7\">\u1788\u17d2\u1798\u17c4\u17c7 <abbr class=\"fusion-form-element-required\" title=\"required\">*<\/abbr><\/label><\/div><div class=\"fusion-form-input-with-icon\"><i class=\"awb-form-icon fa-address-card fas\"><\/i><input type=\"text\"  pattern=\"[a-zA-Z]+\" name=\"\u1788\u17d2\u1798\u17c4\u17c7\" id=\"\u1788\u17d2\u1798\u17c4\u17c7\" value=\"\"  class=\"fusion-form-input\" required=\"true\" aria-required=\"true\" placeholder=\"\u1788\u17d2\u1798\u17c4\u17c7*\" data-holds-private-data=\"false\" minlength=\"2\" maxlength=\"25\"\/><\/div><\/div><\/div><\/div><div class=\"fusion-layout-column fusion_builder_column fusion-builder-column-4 fusion_builder_column_1_2 1_2 fusion-flex-column\" style=\"--awb-bg-size:cover;--awb-width-large:50%;--awb-margin-top-large:0px;--awb-spacing-right-large:3.84%;--awb-margin-bottom-large:20px;--awb-spacing-left-large:3.84%;--awb-width-medium:50%;--awb-order-medium:0;--awb-spacing-right-medium:3.84%;--awb-spacing-left-medium:3.84%;--awb-width-small:100%;--awb-order-small:0;--awb-spacing-right-small:1.92%;--awb-spacing-left-small:1.92%;\"><div class=\"fusion-column-wrapper fusion-column-has-shadow fusion-flex-justify-content-flex-start fusion-content-layout-column\"><div class=\"fusion-form-field fusion-form-text-field fusion-form-label-above\" style=\"\" data-form-id=\"10765\"><div class=\"fusion-form-label-wrapper\"><label for=\"nom_de_famille\">\u1793\u17b6\u1798\u178f\u17d2\u179a\u1780\u17bc\u179b <abbr class=\"fusion-form-element-required\" title=\"required\">*<\/abbr><\/label><\/div><div class=\"fusion-form-input-with-icon\"><i class=\"awb-form-icon fa-address-card fas\"><\/i><input type=\"text\" name=\"nom_de_famille\" id=\"nom_de_famille\" value=\"\"  class=\"fusion-form-input\" required=\"true\" aria-required=\"true\" placeholder=\"\u1793\u17b6\u1798\u178f\u17d2\u179a\u1780\u17bc\u179b*\" data-holds-private-data=\"false\" minlength=\"2\" maxlength=\"25\"\/><\/div><\/div><\/div><\/div><\/div><\/div><div class=\"fusion-fullwidth fullwidth-box fusion-builder-row-3-2 fusion-flex-container has-pattern-background has-mask-background nonhundred-percent-fullwidth non-hundred-percent-height-scrolling\" style=\"--awb-border-radius-top-left:0px;--awb-border-radius-top-right:0px;--awb-border-radius-bottom-right:0px;--awb-border-radius-bottom-left:0px;--awb-flex-wrap:wrap;\" ><div class=\"awb-background-pattern\" style=\"background-image:  url(https:\/\/www.efi.asia\/wp-content\/uploads\/2023\/11\/pattern-blue.png);opacity: 1 ;background-size:500px;mix-blend-mode:normal;\"><\/div><div class=\"fusion-builder-row fusion-row fusion-flex-align-items-flex-start fusion-flex-content-wrap\" style=\"width:104% !important;max-width:104% !important;margin-left: calc(-4% \/ 2 );margin-right: calc(-4% \/ 2 );\"><div class=\"fusion-layout-column fusion_builder_column fusion-builder-column-5 fusion_builder_column_1_2 1_2 fusion-flex-column\" style=\"--awb-bg-size:cover;--awb-width-large:50%;--awb-margin-top-large:0px;--awb-spacing-right-large:3.84%;--awb-margin-bottom-large:20px;--awb-spacing-left-large:3.84%;--awb-width-medium:50%;--awb-order-medium:0;--awb-spacing-right-medium:3.84%;--awb-spacing-left-medium:3.84%;--awb-width-small:100%;--awb-order-small:0;--awb-spacing-right-small:1.92%;--awb-spacing-left-small:1.92%;\"><div class=\"fusion-column-wrapper fusion-column-has-shadow fusion-flex-justify-content-flex-start fusion-content-layout-column\"><div class=\"fusion-form-field fusion-form-text-field fusion-form-label-above\" style=\"\" data-form-id=\"10765\"><div class=\"fusion-form-label-wrapper\"><label for=\"adresse_e-mail\">\u17a2\u17bb\u17b8\u1798\u17c9\u17c2\u179b <abbr class=\"fusion-form-element-required\" title=\"required\">*<\/abbr><\/label><\/div><div class=\"fusion-form-input-with-icon\"><i class=\"awb-form-icon fa-at fas\"><\/i><input type=\"text\" name=\"adresse_e-mail\" id=\"adresse_e-mail\" value=\"\"  class=\"fusion-form-input\" required=\"true\" aria-required=\"true\" placeholder=\"\u17a2\u17bb\u17b8\u1798\u17c9\u17c2\u179b*\" data-holds-private-data=\"false\" minlength=\"0\"\/><\/div><\/div><\/div><\/div><div class=\"fusion-layout-column fusion_builder_column fusion-builder-column-6 fusion_builder_column_1_2 1_2 fusion-flex-column\" style=\"--awb-bg-size:cover;--awb-width-large:50%;--awb-margin-top-large:0px;--awb-spacing-right-large:3.84%;--awb-margin-bottom-large:20px;--awb-spacing-left-large:3.84%;--awb-width-medium:50%;--awb-order-medium:0;--awb-spacing-right-medium:3.84%;--awb-spacing-left-medium:3.84%;--awb-width-small:100%;--awb-order-small:0;--awb-spacing-right-small:1.92%;--awb-spacing-left-small:1.92%;\"><div class=\"fusion-column-wrapper fusion-column-has-shadow fusion-flex-justify-content-flex-start fusion-content-layout-column\"><div class=\"fusion-form-field fusion-form-text-field fusion-form-label-above\" style=\"\" data-form-id=\"10765\"><div class=\"fusion-form-label-wrapper\"><label for=\"numero_de_telephone\">\u179b\u17c1\u1781\u1791\u17bc\u179a\u179f\u17d0\u1796\u17d2\u1791<\/label><\/div><div class=\"fusion-form-input-with-icon\"><i class=\"awb-form-icon fa-mobile-alt fas\"><\/i><input type=\"text\"  pattern=\"[0-9()#&+*-=.]+\" name=\"numero_de_telephone\" id=\"numero_de_telephone\" value=\"\"  class=\"fusion-form-input\" placeholder=\"\u179b\u17c1\u1781\u1791\u17bc\u179a\u179f\u17d0\u1796\u17d2\u1791\" data-holds-private-data=\"false\" minlength=\"10\" maxlength=\"14\"\/><\/div><\/div><\/div><\/div><\/div><\/div><div class=\"fusion-fullwidth fullwidth-box fusion-builder-row-3-3 fusion-flex-container has-pattern-background has-mask-background nonhundred-percent-fullwidth non-hundred-percent-height-scrolling\" style=\"--awb-border-radius-top-left:0px;--awb-border-radius-top-right:0px;--awb-border-radius-bottom-right:0px;--awb-border-radius-bottom-left:0px;--awb-flex-wrap:wrap;\" ><div class=\"fusion-builder-row fusion-row fusion-flex-align-items-flex-start fusion-flex-content-wrap\" style=\"width:104% !important;max-width:104% !important;margin-left: calc(-4% \/ 2 );margin-right: calc(-4% \/ 2 );\"><div class=\"fusion-layout-column fusion_builder_column fusion-builder-column-7 fusion_builder_column_1_2 1_2 fusion-flex-column\" style=\"--awb-bg-size:cover;--awb-width-large:50%;--awb-margin-top-large:0px;--awb-spacing-right-large:3.84%;--awb-margin-bottom-large:20px;--awb-spacing-left-large:3.84%;--awb-width-medium:50%;--awb-order-medium:0;--awb-spacing-right-medium:3.84%;--awb-spacing-left-medium:3.84%;--awb-width-small:100%;--awb-order-small:0;--awb-spacing-right-small:1.92%;--awb-spacing-left-small:1.92%;\"><div class=\"fusion-column-wrapper fusion-column-has-shadow fusion-flex-justify-content-flex-start fusion-content-layout-column\"><div class=\"fusion-form-field fusion-form-date-field fusion-form-label-above\" style=\"\" data-form-id=\"10765\"><label for=\"jour_souhaite\">\u1790\u17d2\u1784\u17c3\u1791\u179f\u17d2\u179f\u1793\u1780\u17b7\u1785\u17d2\u1785 <abbr class=\"fusion-form-element-required\" title=\"required\">*<\/abbr><\/label><div class=\"fusion-form-tooltip\"><i class=\"awb-icon-question-circle\"><\/i><span class=\"fusion-form-tooltip-content\">\u179f\u17bc\u1798\u1787\u17d2\u179a\u17be\u179f\u179a\u17be\u179f\u1790\u17d2\u1784\u17c3\u178a\u17c2\u179b\u179b\u17c4\u1780\u17a2\u17d2\u1793\u1780\u1785\u1784\u17cb\u1792\u17d2\u179c\u17be\u1791\u179f\u17d2\u179f\u1793\u1780\u17b7\u1785\u17d2\u1785\u179f\u17b6\u179b\u17b6\u1799\u17be\u1784\u1781\u17d2\u1789\u17bb\u17c6\u1793\u17b9\u1784\u1791\u17b6\u1780\u17cb\u1791\u1784\u1794\u1789\u17d2\u1787\u17b6\u1780\u17cb\u1791\u17c5\u179b\u17c4\u1780\u17a2\u17d2\u1793\u1780\u179c\u17b7\u1789 \u17d4<\/span><\/div><div class=\"fusion-form-input-with-icon\"><i class=\"fa-calendar-alt fas\"><\/i><input autocomplete=\"no\" type=\"date\" min=\"2023-11-30\"  data-disabled-days=\"saturday,sunday\"  data-first-day=\"1\"  data-format=\"\" tabindex=\"\" id=\"jour_souhaite\" name=\"jour_souhaite\" data-type=\"custom\" value=\"\" data-holds-private-data=\"false\" class=\"fusion-form-input\" required=\"true\" aria-required=\"true\" placeholder=\"\u1790\u17d2\u1784\u17c3\u1791\u179f\u17d2\u179f\u1793\u1780\u17b7\u1785\u17d2\u1785*\"autocomplete=\"no\"\/><\/div><\/div><\/div><\/div><div class=\"fusion-layout-column fusion_builder_column fusion-builder-column-8 fusion_builder_column_1_2 1_2 fusion-flex-column\" style=\"--awb-bg-size:cover;--awb-width-large:50%;--awb-margin-top-large:0px;--awb-spacing-right-large:3.84%;--awb-margin-bottom-large:20px;--awb-spacing-left-large:3.84%;--awb-width-medium:50%;--awb-order-medium:0;--awb-spacing-right-medium:3.84%;--awb-spacing-left-medium:3.84%;--awb-width-small:100%;--awb-order-small:0;--awb-spacing-right-small:1.92%;--awb-spacing-left-small:1.92%;\"><div class=\"fusion-column-wrapper fusion-column-has-shadow fusion-flex-justify-content-flex-start fusion-content-layout-column\"><div class=\"fusion-form-field fusion-form-time-field fusion-form-label-above\" style=\"\" data-form-id=\"10765\"><label for=\"heure_souhaitee\">\u1798\u17c9\u17c4\u1784\u1791\u179f\u17d2\u179f\u1793\u1780\u17b7\u1785\u17d2\u1785 <abbr class=\"fusion-form-element-required\" title=\"required\">*<\/abbr><\/label><div class=\"fusion-form-input-with-icon\"><i class=\"fa-clock fas\"><\/i><input type=\"time\" tabindex=\"\" id=\"heure_souhaitee\" name=\"heure_souhaitee\" data-type=\"custom\" data-clock=\"full\" value=\"\" data-holds-private-data=\"false\" class=\"fusion-form-input\" required=\"true\" aria-required=\"true\" placeholder=\"\u1798\u17c9\u17c4\u1784\u1791\u179f\u17d2\u179f\u1793\u1780\u17b7\u1785\u17d2\u1785*\"autocomplete=\"no\"\/><\/div><\/div><\/div><\/div><\/div><\/div><div class=\"fusion-fullwidth fullwidth-box fusion-builder-row-3-4 fusion-flex-container has-pattern-background has-mask-background nonhundred-percent-fullwidth non-hundred-percent-height-scrolling\" style=\"--awb-border-radius-top-left:0px;--awb-border-radius-top-right:0px;--awb-border-radius-bottom-right:0px;--awb-border-radius-bottom-left:0px;--awb-flex-wrap:wrap;\" ><div class=\"awb-background-pattern\" style=\"background-image:  url(https:\/\/www.efi.asia\/wp-content\/uploads\/2023\/11\/pattern-blue.png);opacity: 1 ;background-size:500px;mix-blend-mode:normal;\"><\/div><div class=\"fusion-builder-row fusion-row fusion-flex-align-items-flex-start fusion-flex-content-wrap\" style=\"width:104% !important;max-width:104% !important;margin-left: calc(-4% \/ 2 );margin-right: calc(-4% \/ 2 );\"><div class=\"fusion-layout-column fusion_builder_column fusion-builder-column-9 fusion_builder_column_1_1 1_1 fusion-flex-column\" style=\"--awb-bg-size:cover;--awb-width-large:100%;--awb-margin-top-large:0px;--awb-spacing-right-large:1.92%;--awb-margin-bottom-large:20px;--awb-spacing-left-large:1.92%;--awb-width-medium:100%;--awb-order-medium:0;--awb-spacing-right-medium:1.92%;--awb-spacing-left-medium:1.92%;--awb-width-small:100%;--awb-order-small:0;--awb-spacing-right-small:1.92%;--awb-spacing-left-small:1.92%;\"><div class=\"fusion-column-wrapper fusion-column-has-shadow fusion-flex-justify-content-flex-start fusion-content-layout-column\"><div class=\"fusion-form-field fusion-form-textarea-field fusion-form-label-above\" style=\"\" data-form-id=\"10765\"><label for=\"objet_de_la_visite\">\u179c\u178f\u17d2\u1790\u17bb\u1794\u17c6\u178e\u1784\u1793\u17c3\u1791\u179f\u17d2\u179f\u1793\u1780\u17b7\u1785\u17d2\u1785<\/label><textarea cols=\"40\"  minlength=\"0\"  rows=\"7\" tabindex=\"\" id=\"objet_de_la_visite\" name=\"objet_de_la_visite\" class=\"fusion-form-input\" placeholder=\"\u179c\u178f\u17d2\u1790\u17bb\u1794\u17c6\u178e\u1784\u1793\u17c3\u1791\u179f\u17d2\u179f\u1793\u1780\u17b7\u1785\u17d2\u1785\" data-holds-private-data=\"false\"><\/textarea><\/div><div class=\"fusion-form-field fusion-form-submit-field fusion-form-label-above\" style=\"\" data-form-id=\"10765\"><div style=\"text-align:center;\"><button type=\"submit\" class=\"fusion-button button-flat fusion-button-default-size button-custom fusion-button-default button-1 fusion-button-default-span  form-form-submit button-default\" style=\"--button_accent_color:var(--awb-color1);--button_accent_hover_color:#ffffff;--button_border_hover_color:var(--awb-color1);--button_gradient_top_color:#055694;--button_gradient_bottom_color:#055694;--button_gradient_top_color_hover:#de4f44;--button_gradient_bottom_color_hover:#de4f44;--button_typography-font-family:&quot;Noto Sans Khmer&quot;;--button_typography-font-style:normal;--button_typography-font-weight:400;\" data-hover=\"icon_rotate\" data-form-number=\"10765\" tabindex=\"\"><i class=\"fa-paper-plane fas button-icon-left\" aria-hidden=\"true\"><\/i><span class=\"fusion-button-text\">\u1785\u17bb\u1785\u1794\u1789\u17d2\u1787\u17bc\u1793<\/span><\/button><\/div><\/div><div class=\"form-submission-notices data-notice_1\" id=\"fusion-notices-1\"><div class=\"fusion-alert alert success alert-success fusion-alert-center fusion-form-response fusion-form-response-success awb-alert-native-link-color alert-dismissable awb-alert-close-boxed\" role=\"alert\"><div class=\"fusion-alert-content-wrapper\"><span class=\"alert-icon\"><i class=\"awb-icon-check-circle\" aria-hidden=\"true\"><\/i><\/span><span class=\"fusion-alert-content\">Votre message a bien \u00e9t\u00e9 envoy\u00e9.<\/span><\/div><button type=\"button\" class=\"close toggle-alert\" data-dismiss=\"alert\" aria-label=\"Close\">&times;<\/button><\/div><div class=\"fusion-alert alert error alert-danger fusion-alert-center fusion-form-response fusion-form-response-error awb-alert-native-link-color alert-dismissable awb-alert-close-boxed\" role=\"alert\"><div class=\"fusion-alert-content-wrapper\"><span class=\"alert-icon\"><i class=\"awb-icon-exclamation-triangle\" aria-hidden=\"true\"><\/i><\/span><span class=\"fusion-alert-content\">Une erreur s'est produite. Veuillez r\u00e9essayer ult\u00e9rieurement.<\/span><\/div><button type=\"button\" class=\"close toggle-alert\" data-dismiss=\"alert\" aria-label=\"Close\">&times;<\/button><\/div><\/div><\/div><\/div><\/div><\/div><\/form><\/div><\/div><\/div><\/div><\/div><\/p>\n","protected":false},"excerpt":{"rendered":"","protected":false},"author":6,"featured_media":0,"parent":0,"menu_order":0,"comment_status":"closed","ping_status":"closed","template":"100-width.php","meta":{"om_disable_all_campaigns":false,"_monsterinsights_skip_tracking":false,"_monsterinsights_sitenote_active":false,"_monsterinsights_sitenote_note":"","_monsterinsights_sitenote_category":0,"_uf_show_specific_survey":0,"_uf_disable_surveys":false,"footnotes":""},"class_list":["post-10791","page","type-page","status-publish","hentry"],"aioseo_notices":[],"_links":{"self":[{"href":"https:\/\/www.efi.asia\/kh\/wp-json\/wp\/v2\/pages\/10791","targetHints":{"allow":["GET"]}}],"collection":[{"href":"https:\/\/www.efi.asia\/kh\/wp-json\/wp\/v2\/pages"}],"about":[{"href":"https:\/\/www.efi.asia\/kh\/wp-json\/wp\/v2\/types\/page"}],"author":[{"embeddable":true,"href":"https:\/\/www.efi.asia\/kh\/wp-json\/wp\/v2\/users\/6"}],"replies":[{"embeddable":true,"href":"https:\/\/www.efi.asia\/kh\/wp-json\/wp\/v2\/comments?post=10791"}],"version-history":[{"count":3,"href":"https:\/\/www.efi.asia\/kh\/wp-json\/wp\/v2\/pages\/10791\/revisions"}],"predecessor-version":[{"id":10856,"href":"https:\/\/www.efi.asia\/kh\/wp-json\/wp\/v2\/pages\/10791\/revisions\/10856"}],"wp:attachment":[{"href":"https:\/\/www.efi.asia\/kh\/wp-json\/wp\/v2\/media?parent=10791"}],"curies":[{"name":"wp","href":"https:\/\/api.w.org\/{rel}","templated":true}]}}